{"id":48,"date":"2023-02-08T14:30:42","date_gmt":"2023-02-08T17:30:42","guid":{"rendered":"https:\/\/iesep.com.br\/colegio\/?page_id=48"},"modified":"2025-03-07T14:58:59","modified_gmt":"2025-03-07T17:58:59","slug":"atendimento","status":"publish","type":"page","link":"https:\/\/iesep.com.br\/colegio\/atendimento\/","title":{"rendered":"Atendimento"},"content":{"rendered":"<p><strong>Dire\u00e7\u00e3o<\/strong><\/p>\n<hr \/>\n<ul>\n<li><a class=\"rcmContactAddress\" title=\"direcaoescola@iesep.com.br\" href=\"mailto:direcaoescola@iesep.com.br\">direcaoescola@iesep.com.br<\/a><\/li>\n<\/ul>\n<p><strong>Coordena\u00e7\u00e3o\u00a0<\/strong><\/p>\n<hr \/>\n<ul>\n<li><strong>Ensino Fundamental II e Ensino M\u00e9dio<\/strong><\/li>\n<li><a href=\"mailto:coordenaescola01.re@iesep.com.br\" target=\"_blank\" rel=\"noopener\"><span>coordenaescola01.re@iesep.com.br<\/span><\/a><\/li>\n<\/ul>\n<ul>\n<li><strong>Ensino Fundamental I\u00a0<\/strong><\/li>\n<li><a href=\"mailto:coordenaescola02.re@iesep.com.br\" target=\"_blank\" rel=\"noopener\"><span>coordenaescola02.re@iesep.com.br<\/span><\/a><\/li>\n<\/ul>\n<p>&nbsp;<\/p>\n<p><strong>Secretaria<\/strong><\/p>\n<hr \/>\n<ul>\n<li><a href=\"mailto:secretariaescola01.re@iesep.com.br\">secretariaescola01.re@iesep.com.br<\/a><\/li>\n<\/ul>\n<p><strong>Atendimento Whatsapp<\/strong><\/p>\n<hr \/>\n<ul>\n<li><a href=\"https:\/\/wa.me\/5513996386857\" target=\"_blank\" rel=\"noopener\">https:\/\/wa.me\/5513996386857<\/a><\/li>\n<\/ul>\n","protected":false},"excerpt":{"rendered":"<p>Dire\u00e7\u00e3o direcaoescola@iesep.com.br Coordena\u00e7\u00e3o\u00a0 Ensino Fundamental II e Ensino M\u00e9dio coordenaescola01.re@iesep.com.br Ensino Fundamental I\u00a0 coordenaescola02.re@iesep.com.br &nbsp; Secretaria secretariaescola01.re@iesep.com.br Atendimento Whatsapp https:\/\/wa.me\/5513996386857<\/p>\n","protected":false},"author":1,"featured_media":0,"parent":0,"menu_order":0,"comment_status":"closed","ping_status":"closed","template":"","meta":{"footnotes":""},"categories":[],"tags":[],"_links":{"self":[{"href":"https:\/\/iesep.com.br\/colegio\/wp-json\/wp\/v2\/pages\/48"}],"collection":[{"href":"https:\/\/iesep.com.br\/colegio\/wp-json\/wp\/v2\/pages"}],"about":[{"href":"https:\/\/iesep.com.br\/colegio\/wp-json\/wp\/v2\/types\/page"}],"author":[{"embeddable":true,"href":"https:\/\/iesep.com.br\/colegio\/wp-json\/wp\/v2\/users\/1"}],"replies":[{"embeddable":true,"href":"https:\/\/iesep.com.br\/colegio\/wp-json\/wp\/v2\/comments?post=48"}],"version-history":[{"count":5,"href":"https:\/\/iesep.com.br\/colegio\/wp-json\/wp\/v2\/pages\/48\/revisions"}],"predecessor-version":[{"id":70,"href":"https:\/\/iesep.com.br\/colegio\/wp-json\/wp\/v2\/pages\/48\/revisions\/70"}],"wp:attachment":[{"href":"https:\/\/iesep.com.br\/colegio\/wp-json\/wp\/v2\/media?parent=48"}],"wp:term":[{"taxonomy":"category","embeddable":true,"href":"https:\/\/iesep.com.br\/colegio\/wp-json\/wp\/v2\/categories?post=48"},{"taxonomy":"post_tag","embeddable":true,"href":"https:\/\/iesep.com.br\/colegio\/wp-json\/wp\/v2\/tags?post=48"}],"curies":[{"name":"wp","href":"https:\/\/api.w.org\/{rel}","templated":true}]}}