{"id":37,"date":"2026-02-06T16:31:01","date_gmt":"2026-02-06T19:31:01","guid":{"rendered":"https:\/\/iesep.com.br\/policlinica\/itanhaem\/?page_id=37"},"modified":"2026-02-19T12:56:26","modified_gmt":"2026-02-19T15:56:26","slug":"servicos","status":"publish","type":"page","link":"https:\/\/iesep.com.br\/policlinica\/itanhaem\/servicos\/","title":{"rendered":"Servi\u00e7os"},"content":{"rendered":"<p><strong>Psicologia<\/strong><\/p>\n<p>O servi\u00e7o de Psicologia realiza atendimentos psicol\u00f3gicos nas modalidades de: triagem, psicodiagn\u00f3stico e acompanhamento psicol\u00f3gico em todas as faixas et\u00e1rias.<\/p>\n<p><strong>Servi\u00e7os<\/strong><\/p>\n<ul>\n<li>Terapia em grupo<\/li>\n<li>Triagem e psicodiagn\u00f3stico<\/li>\n<\/ul>\n","protected":false},"excerpt":{"rendered":"<p>Psicologia O servi\u00e7o de Psicologia realiza atendimentos psicol\u00f3gicos nas modalidades de: triagem, psicodiagn\u00f3stico e acompanhamento psicol\u00f3gico em todas as faixas et\u00e1rias. Servi\u00e7os Terapia em grupo Triagem e psicodiagn\u00f3stico<\/p>\n","protected":false},"author":1,"featured_media":0,"parent":0,"menu_order":0,"comment_status":"closed","ping_status":"closed","template":"","meta":[],"categories":[],"tags":[],"_links":{"self":[{"href":"https:\/\/iesep.com.br\/policlinica\/itanhaem\/wp-json\/wp\/v2\/pages\/37"}],"collection":[{"href":"https:\/\/iesep.com.br\/policlinica\/itanhaem\/wp-json\/wp\/v2\/pages"}],"about":[{"href":"https:\/\/iesep.com.br\/policlinica\/itanhaem\/wp-json\/wp\/v2\/types\/page"}],"author":[{"embeddable":true,"href":"https:\/\/iesep.com.br\/policlinica\/itanhaem\/wp-json\/wp\/v2\/users\/1"}],"replies":[{"embeddable":true,"href":"https:\/\/iesep.com.br\/policlinica\/itanhaem\/wp-json\/wp\/v2\/comments?post=37"}],"version-history":[{"count":2,"href":"https:\/\/iesep.com.br\/policlinica\/itanhaem\/wp-json\/wp\/v2\/pages\/37\/revisions"}],"predecessor-version":[{"id":65,"href":"https:\/\/iesep.com.br\/policlinica\/itanhaem\/wp-json\/wp\/v2\/pages\/37\/revisions\/65"}],"wp:attachment":[{"href":"https:\/\/iesep.com.br\/policlinica\/itanhaem\/wp-json\/wp\/v2\/media?parent=37"}],"wp:term":[{"taxonomy":"category","embeddable":true,"href":"https:\/\/iesep.com.br\/policlinica\/itanhaem\/wp-json\/wp\/v2\/categories?post=37"},{"taxonomy":"post_tag","embeddable":true,"href":"https:\/\/iesep.com.br\/policlinica\/itanhaem\/wp-json\/wp\/v2\/tags?post=37"}],"curies":[{"name":"wp","href":"https:\/\/api.w.org\/{rel}","templated":true}]}}