{"id":45,"date":"2026-02-06T16:31:43","date_gmt":"2026-02-06T19:31:43","guid":{"rendered":"https:\/\/iesep.com.br\/policlinica\/itanhaem\/?page_id=45"},"modified":"2026-02-19T12:57:47","modified_gmt":"2026-02-19T15:57:47","slug":"capacita-iesep","status":"publish","type":"page","link":"https:\/\/iesep.com.br\/policlinica\/itanhaem\/capacita-iesep\/","title":{"rendered":"Capacita IESEP"},"content":{"rendered":"<p>O Programa de Capacita\u00e7\u00e3o Acad\u00eamica e Profissional, denominado como\u00a0<strong>CAPACITA IESEP<\/strong>, trata-se de uma modalidade de capacita\u00e7\u00e3o profissional, com foco no ensino de habilidades e compet\u00eancias para atua\u00e7\u00e3o nos servi\u00e7os de sa\u00fade e \u00e1reas afins.<\/p>\n<p>O\u00a0<strong>CAPACITA IESEP<\/strong>\u00a0\u00e9 coordenado pelo Instituto Educacional de Servi\u00e7o, Ensino e Pesquisa LTDA (IESEP), que oferece capacita\u00e7\u00f5es com a participa\u00e7\u00e3o de especialistas, mestres e doutores, assim como, profissionais de elevada qualifica\u00e7\u00e3o t\u00e9cnica no segmento de atua\u00e7\u00e3o. As capacita\u00e7\u00f5es s\u00e3o oferecidas em formatos de curta-dura\u00e7\u00e3o, com abordagem metodol\u00f3gica te\u00f3rico-pr\u00e1tica.<\/p>\n<p>A finalidade do\u00a0<strong>CAPACITA IESEP<\/strong>\u00a0\u00e9 oferecer a possibilidade de aquisi\u00e7\u00e3o de conhecimentos espec\u00edficos, de acordo com as necessidades de atua\u00e7\u00e3o no segmento da sa\u00fade, educa\u00e7\u00e3o e profissionaliza\u00e7\u00e3o em geral.<\/p>\n<p>&nbsp;<\/p>\n<p><a href=\"https:\/\/iesep.com.br\/policlinica\/sobre-o-capacita-iesep\/\"><strong>CLIQUE AQUI E SAIBA MAIS<\/strong><\/a><\/p>\n","protected":false},"excerpt":{"rendered":"<p>O Programa de Capacita\u00e7\u00e3o Acad\u00eamica e Profissional, denominado como\u00a0CAPACITA IESEP, trata-se de uma modalidade de capacita\u00e7\u00e3o profissional, com foco no ensino de habilidades e compet\u00eancias para atua\u00e7\u00e3o nos servi\u00e7os de sa\u00fade e \u00e1reas afins. O\u00a0CAPACITA IESEP\u00a0\u00e9 coordenado pelo Instituto Educacional de Servi\u00e7o, Ensino e Pesquisa LTDA (IESEP), que oferece capacita\u00e7\u00f5es com a participa\u00e7\u00e3o de especialistas, [&hellip;]<\/p>\n","protected":false},"author":1,"featured_media":0,"parent":0,"menu_order":0,"comment_status":"closed","ping_status":"closed","template":"","meta":[],"categories":[],"tags":[],"_links":{"self":[{"href":"https:\/\/iesep.com.br\/policlinica\/itanhaem\/wp-json\/wp\/v2\/pages\/45"}],"collection":[{"href":"https:\/\/iesep.com.br\/policlinica\/itanhaem\/wp-json\/wp\/v2\/pages"}],"about":[{"href":"https:\/\/iesep.com.br\/policlinica\/itanhaem\/wp-json\/wp\/v2\/types\/page"}],"author":[{"embeddable":true,"href":"https:\/\/iesep.com.br\/policlinica\/itanhaem\/wp-json\/wp\/v2\/users\/1"}],"replies":[{"embeddable":true,"href":"https:\/\/iesep.com.br\/policlinica\/itanhaem\/wp-json\/wp\/v2\/comments?post=45"}],"version-history":[{"count":2,"href":"https:\/\/iesep.com.br\/policlinica\/itanhaem\/wp-json\/wp\/v2\/pages\/45\/revisions"}],"predecessor-version":[{"id":68,"href":"https:\/\/iesep.com.br\/policlinica\/itanhaem\/wp-json\/wp\/v2\/pages\/45\/revisions\/68"}],"wp:attachment":[{"href":"https:\/\/iesep.com.br\/policlinica\/itanhaem\/wp-json\/wp\/v2\/media?parent=45"}],"wp:term":[{"taxonomy":"category","embeddable":true,"href":"https:\/\/iesep.com.br\/policlinica\/itanhaem\/wp-json\/wp\/v2\/categories?post=45"},{"taxonomy":"post_tag","embeddable":true,"href":"https:\/\/iesep.com.br\/policlinica\/itanhaem\/wp-json\/wp\/v2\/tags?post=45"}],"curies":[{"name":"wp","href":"https:\/\/api.w.org\/{rel}","templated":true}]}}