{"id":49,"date":"2026-02-06T16:32:08","date_gmt":"2026-02-06T19:32:08","guid":{"rendered":"https:\/\/iesep.com.br\/policlinica\/itanhaem\/?page_id=49"},"modified":"2026-03-16T12:07:37","modified_gmt":"2026-03-16T15:07:37","slug":"ouvidoria","status":"publish","type":"page","link":"https:\/\/iesep.com.br\/policlinica\/itanhaem\/ouvidoria\/","title":{"rendered":"Ouvidoria"},"content":{"rendered":"<p><strong>A Policl\u00ednica Iesep quer ouvir voc\u00ea!<\/strong><\/p>\n<p><strong>O que \u00e9 ouvidoria?\u00a0<\/strong>\u00c9 um canal de comunica\u00e7\u00e3o entre os pacientes e a Policl\u00ednica. \u00c9 por meio da ouvidoria que o paciente pode tirar suas d\u00favidas, dar sugest\u00f5es, fazer elogios ou reclama\u00e7\u00f5es sobre os servi\u00e7os prestados, contribuindo para a melhoria continua dos atendimentos.<\/p>\n<p><strong>Como participar?\u00a0<\/strong>Para fazer sua sugest\u00e3o, coment\u00e1rio ou reclama\u00e7\u00e3o, preencha o formul\u00e1rio abaixo<\/p>\n<p>&nbsp;<br \/>\n<script type=\"text\/javascript\" src=\"\/\/mautic.unisepe.com.br\/form\/generate.js?id=40\"><\/script><\/p>\n","protected":false},"excerpt":{"rendered":"<p>A Policl\u00ednica Iesep quer ouvir voc\u00ea! O que \u00e9 ouvidoria?\u00a0\u00c9 um canal de comunica\u00e7\u00e3o entre os pacientes e a Policl\u00ednica. \u00c9 por meio da ouvidoria que o paciente pode tirar suas d\u00favidas, dar sugest\u00f5es, fazer elogios ou reclama\u00e7\u00f5es sobre os servi\u00e7os prestados, contribuindo para a melhoria continua dos atendimentos. Como participar?\u00a0Para fazer sua sugest\u00e3o, coment\u00e1rio [&hellip;]<\/p>\n","protected":false},"author":1,"featured_media":0,"parent":0,"menu_order":0,"comment_status":"closed","ping_status":"closed","template":"","meta":[],"categories":[],"tags":[],"_links":{"self":[{"href":"https:\/\/iesep.com.br\/policlinica\/itanhaem\/wp-json\/wp\/v2\/pages\/49"}],"collection":[{"href":"https:\/\/iesep.com.br\/policlinica\/itanhaem\/wp-json\/wp\/v2\/pages"}],"about":[{"href":"https:\/\/iesep.com.br\/policlinica\/itanhaem\/wp-json\/wp\/v2\/types\/page"}],"author":[{"embeddable":true,"href":"https:\/\/iesep.com.br\/policlinica\/itanhaem\/wp-json\/wp\/v2\/users\/1"}],"replies":[{"embeddable":true,"href":"https:\/\/iesep.com.br\/policlinica\/itanhaem\/wp-json\/wp\/v2\/comments?post=49"}],"version-history":[{"count":5,"href":"https:\/\/iesep.com.br\/policlinica\/itanhaem\/wp-json\/wp\/v2\/pages\/49\/revisions"}],"predecessor-version":[{"id":77,"href":"https:\/\/iesep.com.br\/policlinica\/itanhaem\/wp-json\/wp\/v2\/pages\/49\/revisions\/77"}],"wp:attachment":[{"href":"https:\/\/iesep.com.br\/policlinica\/itanhaem\/wp-json\/wp\/v2\/media?parent=49"}],"wp:term":[{"taxonomy":"category","embeddable":true,"href":"https:\/\/iesep.com.br\/policlinica\/itanhaem\/wp-json\/wp\/v2\/categories?post=49"},{"taxonomy":"post_tag","embeddable":true,"href":"https:\/\/iesep.com.br\/policlinica\/itanhaem\/wp-json\/wp\/v2\/tags?post=49"}],"curies":[{"name":"wp","href":"https:\/\/api.w.org\/{rel}","templated":true}]}}