{"id":52,"date":"2026-02-06T16:34:38","date_gmt":"2026-02-06T19:34:38","guid":{"rendered":"https:\/\/iesep.com.br\/policlinica\/itanhaem\/?page_id=52"},"modified":"2026-02-24T19:07:06","modified_gmt":"2026-02-24T22:07:06","slug":"contato","status":"publish","type":"page","link":"https:\/\/iesep.com.br\/policlinica\/itanhaem\/contato\/","title":{"rendered":"Contato"},"content":{"rendered":"<p>Para mais informa\u00e7\u00f5es sobre a Policl\u00ednica IESEP entre em contato conosco.<\/p>\n<p>clinica.it@iesep.com.br<\/p>\n<p><i class=\"fa-brands fa-whatsapp fa-fw\" style=\"color: #46bddf\"><\/i> <a href=\"https:\/\/api.whatsapp.com\/send\/?phone=5513997534076&amp;text&amp;app_absent=0\"> (13) 3426-2390<\/a><\/p>\n<p><iframe loading=\"lazy\" src=\"https:\/\/www.google.com\/maps\/embed?pb=!1m18!1m12!1m3!1d2164.161728894951!2d-46.81950275737593!3d-24.183244616181113!2m3!1f0!2f0!3f0!3m2!1i1024!2i768!4f13.1!3m3!1m2!1s0x8e1fda7ce6393fd9%3A0xdca71769b7c44036!2sFASUPI%20-%20FACULDADE%20SUL%20PAULISTA%20DE%20ITANHA%C3%89M!5e0!3m2!1spt-BR!2sbr!4v1771970784897!5m2!1spt-BR!2sbr\" width=\"600\" height=\"450\" style=\"border:0\"><\/iframe><\/p>\n","protected":false},"excerpt":{"rendered":"<p>Para mais informa\u00e7\u00f5es sobre a Policl\u00ednica IESEP entre em contato conosco. clinica.it@iesep.com.br (13) 3426-2390<\/p>\n","protected":false},"author":1,"featured_media":0,"parent":0,"menu_order":0,"comment_status":"closed","ping_status":"closed","template":"","meta":[],"categories":[],"tags":[],"_links":{"self":[{"href":"https:\/\/iesep.com.br\/policlinica\/itanhaem\/wp-json\/wp\/v2\/pages\/52"}],"collection":[{"href":"https:\/\/iesep.com.br\/policlinica\/itanhaem\/wp-json\/wp\/v2\/pages"}],"about":[{"href":"https:\/\/iesep.com.br\/policlinica\/itanhaem\/wp-json\/wp\/v2\/types\/page"}],"author":[{"embeddable":true,"href":"https:\/\/iesep.com.br\/policlinica\/itanhaem\/wp-json\/wp\/v2\/users\/1"}],"replies":[{"embeddable":true,"href":"https:\/\/iesep.com.br\/policlinica\/itanhaem\/wp-json\/wp\/v2\/comments?post=52"}],"version-history":[{"count":4,"href":"https:\/\/iesep.com.br\/policlinica\/itanhaem\/wp-json\/wp\/v2\/pages\/52\/revisions"}],"predecessor-version":[{"id":76,"href":"https:\/\/iesep.com.br\/policlinica\/itanhaem\/wp-json\/wp\/v2\/pages\/52\/revisions\/76"}],"wp:attachment":[{"href":"https:\/\/iesep.com.br\/policlinica\/itanhaem\/wp-json\/wp\/v2\/media?parent=52"}],"wp:term":[{"taxonomy":"category","embeddable":true,"href":"https:\/\/iesep.com.br\/policlinica\/itanhaem\/wp-json\/wp\/v2\/categories?post=52"},{"taxonomy":"post_tag","embeddable":true,"href":"https:\/\/iesep.com.br\/policlinica\/itanhaem\/wp-json\/wp\/v2\/tags?post=52"}],"curies":[{"name":"wp","href":"https:\/\/api.w.org\/{rel}","templated":true}]}}