{"id":245,"date":"2024-04-01T12:44:17","date_gmt":"2024-04-01T15:44:17","guid":{"rendered":"https:\/\/iesep.com.br\/policlinica\/peruibe\/?page_id=245"},"modified":"2024-04-01T13:10:07","modified_gmt":"2024-04-01T16:10:07","slug":"pesquisas","status":"publish","type":"page","link":"https:\/\/iesep.com.br\/policlinica\/peruibe\/pesquisas\/","title":{"rendered":"Pesquisas"},"content":{"rendered":"<p>Pesquisas Cient\u00edficas:<\/p>\n<p>A nossa policl\u00ednica est\u00e1 empenhada n\u00e3o apenas em fornecer atendimento de sa\u00fade de alta qualidade, mas tamb\u00e9m em contribuir para o avan\u00e7o do conhecimento cient\u00edfico em v\u00e1rias \u00e1reas de interesse. Realizamos e apoiamos uma variedade de pesquisas cient\u00edficas que visam melhorar o diagn\u00f3stico, tratamento e preven\u00e7\u00e3o de doen\u00e7as, com foco nas seguintes \u00e1reas:<\/p>\n<div data-js=\"accordion\" class=\"accordion accordion-personalizado\">\n<div class=\"accordion-item\"><button data-accordion-header=\"1\" class=\"accordion-header\"><strong data-accordion-header=\"1\">Sa\u00fade da Crian\u00e7a<\/strong><\/button><\/p>\n<div data-accordion-body=\"1\" class=\"accordion-body\">\n<p><span>Nas pesquisas nesta \u00e1rea buscamos entender melhor as necessidades de sa\u00fade das crian\u00e7as e desenvolver interven\u00e7\u00f5es eficazes para promover seu crescimento e desenvolvimento saud\u00e1veis. Abrangem uma variedade de t\u00f3picos, desde a preven\u00e7\u00e3o de doen\u00e7as infantis at\u00e9 o manejo de condi\u00e7\u00f5es pedi\u00e1tricas complexas.<\/span><\/p>\n<\/div>\n<\/div>\n<div class=\"accordion-item\"><button data-accordion-header=\"2\" class=\"accordion-header\"><strong data-accordion-header=\"2\">Sa\u00fade do Adulto<\/strong><br \/>\n<\/button><\/p>\n<div data-accordion-body=\"2\" class=\"accordion-body\">\n<p><span>Investigamos quest\u00f5es relacionadas \u00e0 sa\u00fade que afetam adultos em todas as fases da vida, incluindo doen\u00e7as cr\u00f4nicas, preven\u00e7\u00e3o de doen\u00e7as, promo\u00e7\u00e3o da sa\u00fade e qualidade de vida. Nosso objetivo \u00e9 fornecer evid\u00eancias cient\u00edficas que possam orientar pr\u00e1ticas cl\u00ednicas e pol\u00edticas de sa\u00fade voltadas para a popula\u00e7\u00e3o adulta.<\/span><\/p>\n<\/div>\n<\/div>\n<div class=\"accordion-item\">\n<p><button data-accordion-header=\"3\" class=\"accordion-header active\"><strong data-accordion-header=\"3\">Sa\u00fade do Idoso<\/strong> <\/button><\/p>\n<div data-accordion-body=\"3\" class=\"accordion-body\">\n<p>Concentramo-nos em compreender os desafios \u00fanicos de sa\u00fade enfrentados pelos idosos, incluindo doen\u00e7as cr\u00f4nicas, capacidade funcional, quedas, equil\u00edbrio, decl\u00ednio cognitivo e sa\u00fade mental. Nossas pesquisas visam desenvolver estrat\u00e9gias eficazes para promover o envelhecimento saud\u00e1vel, prevenir doen\u00e7as e melhorar a qualidade de vida dos idosos.<\/p>\n<\/div>\n<\/div>\n<div class=\"accordion-item\">\n<p><button data-accordion-header=\"4\" class=\"accordion-header active\"><strong data-accordion-header=\"4\">Sa\u00fade Mental<\/strong> <\/button><\/p>\n<div data-accordion-body=\"4\" class=\"accordion-body\">\n<p>Reconhecemos a import\u00e2ncia da sa\u00fade mental e estamos empenhados em desenvolver interven\u00e7\u00f5es que promovam o bem-estar psicol\u00f3gico e emocional de nossos pacientes. Nossas pesquisas abordam uma ampla gama de quest\u00f5es relacionadas \u00e0 sa\u00fade mental, incluindo transtornos de ansiedade, depress\u00e3o e estresse.<\/p>\n<\/div>\n<\/div>\n<div class=\"accordion-item\">\n<p><button data-accordion-header=\"5\" class=\"accordion-header active\"><strong data-accordion-header=\"5\">Qualidade de vida e Atividade F\u00edsica<\/strong> <\/button><\/p>\n<div data-accordion-body=\"5\" class=\"accordion-body\">\n<p> Exploramos os benef\u00edcios da atividade f\u00edsica para a sa\u00fade, qualidade de vida e o bem-estar, incluindo sua contribui\u00e7\u00e3o para a preven\u00e7\u00e3o de doen\u00e7as cr\u00f4nicas, promo\u00e7\u00e3o da sa\u00fade cardiovascular e melhoria da qualidade de vida. Nossas pesquisas buscam entender os mecanismos pelos quais a atividade f\u00edsica influencia a sa\u00fade e desenvolver estrat\u00e9gias eficazes para promover um estilo de vida ativo saud\u00e1vel.\n<\/p><\/div>\n<\/div>\n<p>Estamos comprometidos em conduzir pesquisas de alta qualidade que tenham um impacto positivo na sa\u00fade da comunidade, utilizando abordagens interdisciplinares e colaborativas para abordar quest\u00f5es complexas de sa\u00fade p\u00fablica.<\/p>\n","protected":false},"excerpt":{"rendered":"<p>Pesquisas Cient\u00edficas: A nossa policl\u00ednica est\u00e1 empenhada n\u00e3o apenas em fornecer atendimento de sa\u00fade de alta qualidade, mas tamb\u00e9m em contribuir para o avan\u00e7o do conhecimento cient\u00edfico em v\u00e1rias \u00e1reas de interesse. Realizamos e apoiamos uma variedade de pesquisas cient\u00edficas que visam melhorar o diagn\u00f3stico, tratamento e preven\u00e7\u00e3o de doen\u00e7as, com foco nas seguintes \u00e1reas: [&hellip;]<\/p>\n","protected":false},"author":5,"featured_media":0,"parent":0,"menu_order":0,"comment_status":"closed","ping_status":"closed","template":"templates\/template-fullwidth.php","meta":[],"categories":[],"tags":[],"_links":{"self":[{"href":"https:\/\/iesep.com.br\/policlinica\/peruibe\/wp-json\/wp\/v2\/pages\/245"}],"collection":[{"href":"https:\/\/iesep.com.br\/policlinica\/peruibe\/wp-json\/wp\/v2\/pages"}],"about":[{"href":"https:\/\/iesep.com.br\/policlinica\/peruibe\/wp-json\/wp\/v2\/types\/page"}],"author":[{"embeddable":true,"href":"https:\/\/iesep.com.br\/policlinica\/peruibe\/wp-json\/wp\/v2\/users\/5"}],"replies":[{"embeddable":true,"href":"https:\/\/iesep.com.br\/policlinica\/peruibe\/wp-json\/wp\/v2\/comments?post=245"}],"version-history":[{"count":23,"href":"https:\/\/iesep.com.br\/policlinica\/peruibe\/wp-json\/wp\/v2\/pages\/245\/revisions"}],"predecessor-version":[{"id":269,"href":"https:\/\/iesep.com.br\/policlinica\/peruibe\/wp-json\/wp\/v2\/pages\/245\/revisions\/269"}],"wp:attachment":[{"href":"https:\/\/iesep.com.br\/policlinica\/peruibe\/wp-json\/wp\/v2\/media?parent=245"}],"wp:term":[{"taxonomy":"category","embeddable":true,"href":"https:\/\/iesep.com.br\/policlinica\/peruibe\/wp-json\/wp\/v2\/categories?post=245"},{"taxonomy":"post_tag","embeddable":true,"href":"https:\/\/iesep.com.br\/policlinica\/peruibe\/wp-json\/wp\/v2\/tags?post=245"}],"curies":[{"name":"wp","href":"https:\/\/api.w.org\/{rel}","templated":true}]}}