{"id":35,"date":"2023-05-04T12:43:50","date_gmt":"2023-05-04T15:43:50","guid":{"rendered":"https:\/\/iesep.com.br\/policlinica\/peruibe\/?page_id=35"},"modified":"2023-07-27T11:34:46","modified_gmt":"2023-07-27T14:34:46","slug":"sobre","status":"publish","type":"page","link":"https:\/\/iesep.com.br\/policlinica\/peruibe\/sobre\/","title":{"rendered":"Sobre"},"content":{"rendered":"<p>A Policl\u00ednica IESEP \u00e9 uma institui\u00e7\u00e3o sem fins lucrativos localizada no munic\u00edpio de Peru\u00edbe-SP, mantida pelo Instituto Educacional de Servi\u00e7o, Ensino e Pesquisa (IESEP). Sua rotina de atividades envolve atendimento gratuito para a comunidade local.<\/p>\n<p>Concebida em 2023, a Policl\u00ednica IESEP contempla os servi\u00e7os de Enfermagem, Fisioterapia e Educa\u00e7\u00e3o F\u00edsica. Os servi\u00e7os s\u00e3o realizados por acad\u00eamicos durante as pr\u00e1ticas de est\u00e1gio curricular, sendo todas as atividades supervisionadas por um profissional qualificado na \u00e1rea. Al\u00e9m dos atendimentos realizados pelos acad\u00eamicos, a Policl\u00ednica IESEP oferece atendimentos por profissionais especializados em diferentes \u00e1reas.<\/p>\n<p>Pautada nos princ\u00edpios e diretrizes do SUS, todos os atendimentos da Policl\u00ednica IESEP, s\u00e3o oferecidos de forma interdisciplinar e com foco na abordagem humanizada. Al\u00e9m do servi\u00e7o assistencial, tamb\u00e9m s\u00e3o desenvolvidas atividades de educa\u00e7\u00e3o continuada e pesquisa cient\u00edfica, com objetivo em promover o desenvolvimento profissional e a qualidade na assist\u00eancia oferecida.<\/p>\n<p>Ressalta-se, que no planejamento das a\u00e7\u00f5es realizadas pela Policl\u00ednica IESEP s\u00e3o levados em considera\u00e7\u00e3o o atendimento das demandas de sa\u00fade local, assim como, a implementa\u00e7\u00e3o de a\u00e7\u00f5es para reabilita\u00e7\u00e3o, prote\u00e7\u00e3o, preven\u00e7\u00e3o, promo\u00e7\u00e3o, manuten\u00e7\u00e3o da sa\u00fade, cuja meta \u00e9 a forma\u00e7\u00e3o de profissionais comprometidos com melhora dos indicadores de sa\u00fade de Peru\u00edbe-SP e regi\u00e3o.<\/p>\n","protected":false},"excerpt":{"rendered":"<p>A Policl\u00ednica IESEP \u00e9 uma institui\u00e7\u00e3o sem fins lucrativos localizada no munic\u00edpio de Peru\u00edbe-SP, mantida pelo Instituto Educacional de Servi\u00e7o, Ensino e Pesquisa (IESEP). Sua rotina de atividades envolve atendimento gratuito para a comunidade local. Concebida em 2023, a Policl\u00ednica IESEP contempla os servi\u00e7os de Enfermagem, Fisioterapia e Educa\u00e7\u00e3o F\u00edsica. Os servi\u00e7os s\u00e3o realizados por [&hellip;]<\/p>\n","protected":false},"author":5,"featured_media":0,"parent":0,"menu_order":1,"comment_status":"closed","ping_status":"closed","template":"","meta":[],"categories":[],"tags":[],"_links":{"self":[{"href":"https:\/\/iesep.com.br\/policlinica\/peruibe\/wp-json\/wp\/v2\/pages\/35"}],"collection":[{"href":"https:\/\/iesep.com.br\/policlinica\/peruibe\/wp-json\/wp\/v2\/pages"}],"about":[{"href":"https:\/\/iesep.com.br\/policlinica\/peruibe\/wp-json\/wp\/v2\/types\/page"}],"author":[{"embeddable":true,"href":"https:\/\/iesep.com.br\/policlinica\/peruibe\/wp-json\/wp\/v2\/users\/5"}],"replies":[{"embeddable":true,"href":"https:\/\/iesep.com.br\/policlinica\/peruibe\/wp-json\/wp\/v2\/comments?post=35"}],"version-history":[{"count":3,"href":"https:\/\/iesep.com.br\/policlinica\/peruibe\/wp-json\/wp\/v2\/pages\/35\/revisions"}],"predecessor-version":[{"id":177,"href":"https:\/\/iesep.com.br\/policlinica\/peruibe\/wp-json\/wp\/v2\/pages\/35\/revisions\/177"}],"wp:attachment":[{"href":"https:\/\/iesep.com.br\/policlinica\/peruibe\/wp-json\/wp\/v2\/media?parent=35"}],"wp:term":[{"taxonomy":"category","embeddable":true,"href":"https:\/\/iesep.com.br\/policlinica\/peruibe\/wp-json\/wp\/v2\/categories?post=35"},{"taxonomy":"post_tag","embeddable":true,"href":"https:\/\/iesep.com.br\/policlinica\/peruibe\/wp-json\/wp\/v2\/tags?post=35"}],"curies":[{"name":"wp","href":"https:\/\/api.w.org\/{rel}","templated":true}]}}