{"id":49,"date":"2023-05-11T14:00:51","date_gmt":"2023-05-11T17:00:51","guid":{"rendered":"https:\/\/iesep.com.br\/policlinica\/peruibe\/?page_id=49"},"modified":"2024-04-02T19:27:30","modified_gmt":"2024-04-02T22:27:30","slug":"servicos","status":"publish","type":"page","link":"https:\/\/iesep.com.br\/policlinica\/peruibe\/servicos\/","title":{"rendered":"Servi\u00e7os"},"content":{"rendered":"<div data-js=\"accordion\" class=\"accordion accordion-personalizado\">\n<div class=\"accordion-item\"><button data-accordion-header=\"1\" class=\"accordion-header\"><strong data-accordion-header=\"1\">Fisioterapia<\/strong><br \/>\n<\/button><\/p>\n<div data-accordion-body=\"1\" class=\"accordion-body\">\n<p><span>A Fisioterapia atua na reabilita\u00e7\u00e3o f\u00edsica\/motora e no desenvolvimento cognitivo. Assim como, na preven\u00e7\u00e3o de agravos decorrentes de doen\u00e7as e do processo de envelhecimento. Na Policl\u00ednica IESEP o servi\u00e7o \u00e9 oferecido para todas as faixas et\u00e1rias.<\/span><\/p>\n<p><strong>Servi\u00e7os<\/strong><\/p>\n<ul>\n<li>Fisioterapia em grupo (ombro, coluna, AVC, DPOC, joelho)<\/li>\n<li>Fisioterapia pediatria e neurol\u00f3gica<\/li>\n<li>Fisioterapia ortop\u00e9dica<\/li>\n<li>Fisioterapia respirat\u00f3ria Pr\u00e1ticas integrativas (PICs)<\/li>\n<li>Pr\u00e1ticas integrativas (PICs)<\/li>\n<\/ul>\n<p>&nbsp;<\/p>\n<\/div>\n<\/div>\n<div class=\"accordion-item\"><button data-accordion-header=\"2\" class=\"accordion-header\"><strong data-accordion-header=\"2\">Enfermagem<\/strong><br \/>\n<\/button><\/p>\n<div data-accordion-body=\"2\" class=\"accordion-body\">\n<p><span>A Enfermagem atua na prote\u00e7\u00e3o, promo\u00e7\u00e3o e reabilita\u00e7\u00e3o em sa\u00fade nas diferentes fases da vida. Al\u00e9m disso, em conjunto com a equipe multiprofissional participa e contribui no regime terap\u00eautico do paciente dentro da Policl\u00ednica IESEP.<\/span><\/p>\n<p><strong>Servi\u00e7os<\/strong><\/p>\n<ul>\n<li>Consulta de enfermagem<\/li>\n<li>Exame citopatol\u00f3gico (Papanicolau)<\/li>\n<li>Glicemia capilar<\/li>\n<li>Retirada de pontos<\/li>\n<li>Troca de curativo<\/li>\n<\/ul>\n<\/div>\n<\/div>\n<div class=\"accordion-item\">\n<p><button data-accordion-header=\"3\" class=\"accordion-header active\"><strong data-accordion-header=\"3\">Educa\u00e7\u00e3o F\u00edsica<\/strong> <\/button><\/p>\n<div data-accordion-body=\"3\" class=\"accordion-body\">\n<p>\nA Educa\u00e7\u00e3o F\u00edsica realiza atividades em conjunto com a equipe multiprofissional da Policl\u00ednica IESEP. Os atendimentos envolvem atividade f\u00edsica, com foco qualidade de vida e estilo de vida. <\/p>\n<p><strong>Servi\u00e7os<\/strong><\/p>\n<ul>\n<li>Dan\u00e7a e Gin\u00e1stica <\/li>\n<li>Treinamento funcional<\/li>\n<li>Treinamento para pessoa com hipertens\u00e3o e\/ou diab\u00e9tico<\/li>\n<li>Treinamento para pessoa com sobrepeso ou obesidade<\/li>\n<\/ul>\n<\/div>\n<\/div>\n<div class=\"accordion-item\">\n<p><button data-accordion-header=\"4\" class=\"accordion-header active\"><strong data-accordion-header=\"4\">Psicologia<\/strong> <\/button><\/p>\n<div data-accordion-body=\"4\" class=\"accordion-body\">\n<p>\nO servi\u00e7o de Psicologia realiza atendimentos psicol\u00f3gicos nas modalidades de: triagem, psicodiagn\u00f3stico e acompanhamento psicol\u00f3gico em todas as faixas et\u00e1rias.<\/p>\n<p><strong>Servi\u00e7os<\/strong><\/p>\n<ul>\n<li>Terapia em grupo<\/li>\n<li>Triagem e psicodiagn\u00f3stico<\/li>\n<\/ul>\n<\/div>\n<\/div>\n<\/div>\n","protected":false},"excerpt":{"rendered":"<p>Fisioterapia A Fisioterapia atua na reabilita\u00e7\u00e3o f\u00edsica\/motora e no desenvolvimento cognitivo. Assim como, na preven\u00e7\u00e3o de agravos decorrentes de doen\u00e7as e do processo de envelhecimento. Na Policl\u00ednica IESEP o servi\u00e7o \u00e9 oferecido para todas as faixas et\u00e1rias. Servi\u00e7os Fisioterapia em grupo (ombro, coluna, AVC, DPOC, joelho) Fisioterapia pediatria e neurol\u00f3gica Fisioterapia ortop\u00e9dica Fisioterapia respirat\u00f3ria Pr\u00e1ticas [&hellip;]<\/p>\n","protected":false},"author":5,"featured_media":0,"parent":0,"menu_order":0,"comment_status":"closed","ping_status":"closed","template":"templates\/template-fullwidth.php","meta":[],"categories":[],"tags":[],"_links":{"self":[{"href":"https:\/\/iesep.com.br\/policlinica\/peruibe\/wp-json\/wp\/v2\/pages\/49"}],"collection":[{"href":"https:\/\/iesep.com.br\/policlinica\/peruibe\/wp-json\/wp\/v2\/pages"}],"about":[{"href":"https:\/\/iesep.com.br\/policlinica\/peruibe\/wp-json\/wp\/v2\/types\/page"}],"author":[{"embeddable":true,"href":"https:\/\/iesep.com.br\/policlinica\/peruibe\/wp-json\/wp\/v2\/users\/5"}],"replies":[{"embeddable":true,"href":"https:\/\/iesep.com.br\/policlinica\/peruibe\/wp-json\/wp\/v2\/comments?post=49"}],"version-history":[{"count":56,"href":"https:\/\/iesep.com.br\/policlinica\/peruibe\/wp-json\/wp\/v2\/pages\/49\/revisions"}],"predecessor-version":[{"id":273,"href":"https:\/\/iesep.com.br\/policlinica\/peruibe\/wp-json\/wp\/v2\/pages\/49\/revisions\/273"}],"wp:attachment":[{"href":"https:\/\/iesep.com.br\/policlinica\/peruibe\/wp-json\/wp\/v2\/media?parent=49"}],"wp:term":[{"taxonomy":"category","embeddable":true,"href":"https:\/\/iesep.com.br\/policlinica\/peruibe\/wp-json\/wp\/v2\/categories?post=49"},{"taxonomy":"post_tag","embeddable":true,"href":"https:\/\/iesep.com.br\/policlinica\/peruibe\/wp-json\/wp\/v2\/tags?post=49"}],"curies":[{"name":"wp","href":"https:\/\/api.w.org\/{rel}","templated":true}]}}