{"id":65,"date":"2023-05-11T14:36:05","date_gmt":"2023-05-11T17:36:05","guid":{"rendered":"https:\/\/iesep.com.br\/policlinica\/peruibe\/?page_id=65"},"modified":"2023-07-27T11:41:26","modified_gmt":"2023-07-27T14:41:26","slug":"faq","status":"publish","type":"page","link":"https:\/\/iesep.com.br\/policlinica\/peruibe\/faq\/","title":{"rendered":"FAQ"},"content":{"rendered":"<div class=\"entry-content ci-content pt-5\">\n<div data-js=\"accordion\" class=\"accordion accordion-personalizado\">\n<div class=\"accordion-item\">\n<p><button data-accordion-header=\"1\" class=\"accordion-header\"> <strong data-accordion-header=\"1\">A Policl\u00ednica IESEP oferece transporte sanit\u00e1rio?<\/strong> <i class=\"fas fa-angle-down ml-4\" style=\"margin-left: 25px\" data-accordion-header=\"1\" aria-hidden=\"true\"><\/i> <\/button><\/p>\n<div data-accordion-body=\"1\" class=\"accordion-body\">N\u00e3o, para o transporte sanit\u00e1rio at\u00e9 a Policl\u00ednica IESEP o usu\u00e1rio deve procurar o setor de ambul\u00e2ncia do seu munic\u00edpio.<\/div>\n<\/div>\n<div class=\"accordion-item\">\n<p><button data-accordion-header=\"2\" class=\"accordion-header\"> <strong data-accordion-header=\"2\">Quero ser um parceiro da Policl\u00ednica IESEP, como devo proceder?<\/strong> <i class=\"fas fa-angle-down ml-4\" style=\"margin-left: 25px\" data-accordion-header=\"2\" aria-hidden=\"true\"><\/i> <\/button><\/p>\n<div data-accordion-body=\"2\" class=\"accordion-body\">Para parceira com a Policl\u00ednica IESEP voc\u00ea deve entrar em contato atrav\u00e9s do e-mail: clinica.pe@iesep.com.br<\/div>\n<\/div>\n<div class=\"accordion-item\">\n<p><button data-accordion-header=\"3\" class=\"accordion-header\"> <strong data-accordion-header=\"3\">Como fa\u00e7o para ser atendido na Policl\u00ednica IESEP ?<\/strong><\/button><\/p>\n<div data-accordion-body=\"3\" class=\"accordion-body\">Os atendimentos s\u00e3o oferecidos de forma gratuita para os mun\u00edcipes de Peru\u00edbe-SP. Para receber o atendimento, o usu\u00e1rio dever\u00e1 procurar a policlinica, com a guia de encaminhamento em m\u00e3os, um documento com foto, o Cart\u00e3o Nacional de Sa\u00fade (Cart\u00e3o SUS) e um comprovante de resid\u00eancia, o mesmo dever\u00e1 comparecer no hor\u00e1rio agendado para iniciar o tratamento na Policl\u00ednica IESEP.<\/div>\n<\/div>\n<div class=\"accordion-item\">\n<p><button data-accordion-header=\"4\" class=\"accordion-header\"> <strong data-accordion-header=\"4\">Como fa\u00e7o para ser atendido na Policl\u00ednica IESEP atrav\u00e9s do Atendimento Social?<\/strong> <i class=\"fas fa-angle-down ml-4\" style=\"margin-left: 25px\" data-accordion-header=\"4\" aria-hidden=\"true\"><\/i> <\/button><\/p>\n<div data-accordion-body=\"4\" class=\"accordion-body\">O Atendimento Social \u00e9 uma modalidade de assist\u00eancia oferecida as pessoas que desejam e apresentam condi\u00e7\u00f5es para custear o servi\u00e7o que ser\u00e1 realizado. Para o uso deste servi\u00e7o, o usu\u00e1rio dever\u00e1 procurar a recep\u00e7\u00e3o da Policl\u00ednica IESEP portando um documento com foto e o CPF. Quando necess\u00e1rio ser\u00e1 solicitado um encaminhamento m\u00e9dico. Ap\u00f3s a ci\u00eancia sobre os servi\u00e7os oferecidos, o mesmo pagar\u00e1 o valor social por meio de cart\u00e3o de cr\u00e9dito\/d\u00e9bito, pix ou boleto e ser\u00e1 atendido. O valor cobrado \u00e9 utilizado para manuten\u00e7\u00e3o local e aquisi\u00e7\u00e3o de equipamentos e insumos.<\/div>\n<\/div>\n<\/div>\n<\/div>\n","protected":false},"excerpt":{"rendered":"<p>A Policl\u00ednica IESEP oferece transporte sanit\u00e1rio? N\u00e3o, para o transporte sanit\u00e1rio at\u00e9 a Policl\u00ednica IESEP o usu\u00e1rio deve procurar o setor de ambul\u00e2ncia do seu munic\u00edpio. Quero ser um parceiro da Policl\u00ednica IESEP, como devo proceder? Para parceira com a Policl\u00ednica IESEP voc\u00ea deve entrar em contato atrav\u00e9s do e-mail: clinica.pe@iesep.com.br Como fa\u00e7o para ser [&hellip;]<\/p>\n","protected":false},"author":5,"featured_media":0,"parent":0,"menu_order":0,"comment_status":"closed","ping_status":"closed","template":"templates\/template-fullwidth.php","meta":[],"categories":[],"tags":[],"_links":{"self":[{"href":"https:\/\/iesep.com.br\/policlinica\/peruibe\/wp-json\/wp\/v2\/pages\/65"}],"collection":[{"href":"https:\/\/iesep.com.br\/policlinica\/peruibe\/wp-json\/wp\/v2\/pages"}],"about":[{"href":"https:\/\/iesep.com.br\/policlinica\/peruibe\/wp-json\/wp\/v2\/types\/page"}],"author":[{"embeddable":true,"href":"https:\/\/iesep.com.br\/policlinica\/peruibe\/wp-json\/wp\/v2\/users\/5"}],"replies":[{"embeddable":true,"href":"https:\/\/iesep.com.br\/policlinica\/peruibe\/wp-json\/wp\/v2\/comments?post=65"}],"version-history":[{"count":6,"href":"https:\/\/iesep.com.br\/policlinica\/peruibe\/wp-json\/wp\/v2\/pages\/65\/revisions"}],"predecessor-version":[{"id":179,"href":"https:\/\/iesep.com.br\/policlinica\/peruibe\/wp-json\/wp\/v2\/pages\/65\/revisions\/179"}],"wp:attachment":[{"href":"https:\/\/iesep.com.br\/policlinica\/peruibe\/wp-json\/wp\/v2\/media?parent=65"}],"wp:term":[{"taxonomy":"category","embeddable":true,"href":"https:\/\/iesep.com.br\/policlinica\/peruibe\/wp-json\/wp\/v2\/categories?post=65"},{"taxonomy":"post_tag","embeddable":true,"href":"https:\/\/iesep.com.br\/policlinica\/peruibe\/wp-json\/wp\/v2\/tags?post=65"}],"curies":[{"name":"wp","href":"https:\/\/api.w.org\/{rel}","templated":true}]}}