{"id":67,"date":"2023-05-11T14:36:29","date_gmt":"2023-05-11T17:36:29","guid":{"rendered":"https:\/\/iesep.com.br\/policlinica\/peruibe\/?page_id=67"},"modified":"2026-03-16T12:03:03","modified_gmt":"2026-03-16T15:03:03","slug":"ouvidoria","status":"publish","type":"page","link":"https:\/\/iesep.com.br\/policlinica\/peruibe\/ouvidoria\/","title":{"rendered":"Ouvidoria"},"content":{"rendered":"<p><span>\u00a0<\/span><strong>A Policl\u00ednica Iesep quer ouvir voc\u00ea!<\/strong><span><\/span><\/p>\n<p><b>O que \u00e9 ouvidoria?<span>\u00a0<\/span><\/b>\u00c9 um canal de comunica\u00e7\u00e3o entre os pacientes e a Policl\u00ednica. \u00c9 por meio da ouvidoria que o paciente pode tirar suas d\u00favidas, dar sugest\u00f5es, fazer elogios ou reclama\u00e7\u00f5es sobre os servi\u00e7os prestados, contribuindo para a melhoria continua dos atendimentos.<\/p>\n<p><b>Como participar?<span>\u00a0<\/span><\/b>Para fazer sua sugest\u00e3o, coment\u00e1rio ou reclama\u00e7\u00e3o, preencha o formul\u00e1rio abaixo:<\/p>\n<p>&nbsp;<br \/>\n<script type=\"text\/javascript\" src=\"\/\/mautic.unisepe.com.br\/form\/generate.js?id=39\"><\/script><\/p>\n","protected":false},"excerpt":{"rendered":"<p>\u00a0A Policl\u00ednica Iesep quer ouvir voc\u00ea! O que \u00e9 ouvidoria?\u00a0\u00c9 um canal de comunica\u00e7\u00e3o entre os pacientes e a Policl\u00ednica. \u00c9 por meio da ouvidoria que o paciente pode tirar suas d\u00favidas, dar sugest\u00f5es, fazer elogios ou reclama\u00e7\u00f5es sobre os servi\u00e7os prestados, contribuindo para a melhoria continua dos atendimentos. Como participar?\u00a0Para fazer sua sugest\u00e3o, coment\u00e1rio [&hellip;]<\/p>\n","protected":false},"author":5,"featured_media":0,"parent":0,"menu_order":0,"comment_status":"closed","ping_status":"closed","template":"","meta":[],"categories":[],"tags":[],"_links":{"self":[{"href":"https:\/\/iesep.com.br\/policlinica\/peruibe\/wp-json\/wp\/v2\/pages\/67"}],"collection":[{"href":"https:\/\/iesep.com.br\/policlinica\/peruibe\/wp-json\/wp\/v2\/pages"}],"about":[{"href":"https:\/\/iesep.com.br\/policlinica\/peruibe\/wp-json\/wp\/v2\/types\/page"}],"author":[{"embeddable":true,"href":"https:\/\/iesep.com.br\/policlinica\/peruibe\/wp-json\/wp\/v2\/users\/5"}],"replies":[{"embeddable":true,"href":"https:\/\/iesep.com.br\/policlinica\/peruibe\/wp-json\/wp\/v2\/comments?post=67"}],"version-history":[{"count":15,"href":"https:\/\/iesep.com.br\/policlinica\/peruibe\/wp-json\/wp\/v2\/pages\/67\/revisions"}],"predecessor-version":[{"id":276,"href":"https:\/\/iesep.com.br\/policlinica\/peruibe\/wp-json\/wp\/v2\/pages\/67\/revisions\/276"}],"wp:attachment":[{"href":"https:\/\/iesep.com.br\/policlinica\/peruibe\/wp-json\/wp\/v2\/media?parent=67"}],"wp:term":[{"taxonomy":"category","embeddable":true,"href":"https:\/\/iesep.com.br\/policlinica\/peruibe\/wp-json\/wp\/v2\/categories?post=67"},{"taxonomy":"post_tag","embeddable":true,"href":"https:\/\/iesep.com.br\/policlinica\/peruibe\/wp-json\/wp\/v2\/tags?post=67"}],"curies":[{"name":"wp","href":"https:\/\/api.w.org\/{rel}","templated":true}]}}