{"id":69,"date":"2023-05-11T14:36:39","date_gmt":"2023-05-11T17:36:39","guid":{"rendered":"https:\/\/iesep.com.br\/policlinica\/peruibe\/?page_id=69"},"modified":"2026-02-19T09:17:25","modified_gmt":"2026-02-19T12:17:25","slug":"contato","status":"publish","type":"page","link":"https:\/\/iesep.com.br\/policlinica\/peruibe\/contato\/","title":{"rendered":"Contato"},"content":{"rendered":"<div class=\"entry-content ci-content pt-5\">\n<p>&nbsp;<\/p>\n<p>Para mais informa\u00e7\u00f5es sobre a Policl\u00ednica IESEP entre em contato conosco.<\/p>\n<p><a href=\"mailto:clinica.pe@iesep.com.br\">clinica.pe@iesep.com.br<\/a><\/p>\n<p><i class=\"fa-brands fa-whatsapp fa-fw\" style=\"color: #46bddf\"><\/i> <a href=\"https:\/\/api.whatsapp.com\/send\/?phone=5513997534076&amp;text&amp;app_absent=0\"> (13) 3456-3055<\/a><\/p>\n<p><i class=\"fa-solid fa-clock fa-fw\" style=\"color: #46bddf\"><\/i> De segunda a sexta-feira, das 8h \u00e0s 11h<\/p>\n<p><i class=\"fa-solid fa-location-dot fa-fw\" style=\"color: #46bddf\"><\/i> Rua: Av. Darcy Fonseca, 530 &#8211; Bairro dos Prados, Peru\u00edbe- SP, 11750-000<\/p>\n<p>&nbsp;<\/p>\n<p>&nbsp;<\/p>\n<\/div>\n<p><iframe loading=\"lazy\" width=\"600\" height=\"450\" style=\"border: 0\" src=\"https:\/\/www.google.com\/maps\/embed?pb=!1m14!1m8!1m3!1d14549.297378687636!2d-46.9531094!3d-24.2653993!3m2!1i1024!2i768!4f13.1!3m3!1m2!1s0x94d028599118a2ed%3A0x9a582760e6c33ff7!2sFACULDADE%20PERUIBE%20-%20FPBE!5e0!3m2!1spt-BR!2sbr!4v1683836053801!5m2!1spt-BR!2sbr\"><\/iframe><\/p>\n","protected":false},"excerpt":{"rendered":"<p>&nbsp; Para mais informa\u00e7\u00f5es sobre a Policl\u00ednica IESEP entre em contato conosco. clinica.pe@iesep.com.br (13) 3456-3055 De segunda a sexta-feira, das 8h \u00e0s 11h Rua: Av. Darcy Fonseca, 530 &#8211; Bairro dos Prados, Peru\u00edbe- SP, 11750-000 &nbsp; &nbsp;<\/p>\n","protected":false},"author":5,"featured_media":0,"parent":0,"menu_order":0,"comment_status":"closed","ping_status":"closed","template":"templates\/template-fullwidth.php","meta":[],"categories":[],"tags":[],"_links":{"self":[{"href":"https:\/\/iesep.com.br\/policlinica\/peruibe\/wp-json\/wp\/v2\/pages\/69"}],"collection":[{"href":"https:\/\/iesep.com.br\/policlinica\/peruibe\/wp-json\/wp\/v2\/pages"}],"about":[{"href":"https:\/\/iesep.com.br\/policlinica\/peruibe\/wp-json\/wp\/v2\/types\/page"}],"author":[{"embeddable":true,"href":"https:\/\/iesep.com.br\/policlinica\/peruibe\/wp-json\/wp\/v2\/users\/5"}],"replies":[{"embeddable":true,"href":"https:\/\/iesep.com.br\/policlinica\/peruibe\/wp-json\/wp\/v2\/comments?post=69"}],"version-history":[{"count":11,"href":"https:\/\/iesep.com.br\/policlinica\/peruibe\/wp-json\/wp\/v2\/pages\/69\/revisions"}],"predecessor-version":[{"id":275,"href":"https:\/\/iesep.com.br\/policlinica\/peruibe\/wp-json\/wp\/v2\/pages\/69\/revisions\/275"}],"wp:attachment":[{"href":"https:\/\/iesep.com.br\/policlinica\/peruibe\/wp-json\/wp\/v2\/media?parent=69"}],"wp:term":[{"taxonomy":"category","embeddable":true,"href":"https:\/\/iesep.com.br\/policlinica\/peruibe\/wp-json\/wp\/v2\/categories?post=69"},{"taxonomy":"post_tag","embeddable":true,"href":"https:\/\/iesep.com.br\/policlinica\/peruibe\/wp-json\/wp\/v2\/tags?post=69"}],"curies":[{"name":"wp","href":"https:\/\/api.w.org\/{rel}","templated":true}]}}