{"id":103,"date":"2023-04-26T15:57:36","date_gmt":"2023-04-26T18:57:36","guid":{"rendered":"https:\/\/iesep.com.br\/policlinica\/registro\/?page_id=103"},"modified":"2023-04-26T15:57:36","modified_gmt":"2023-04-26T18:57:36","slug":"servicos","status":"publish","type":"page","link":"https:\/\/iesep.com.br\/policlinica\/registro\/servicos\/","title":{"rendered":"Servi\u00e7os"},"content":{"rendered":"<div data-js=\"accordion\" class=\"accordion accordion-personalizado\">\n<div class=\"accordion-item\"> <button data-accordion-header=\"1\" class=\"accordion-header\"><strong data-accordion-header=\"1\">Biomedicina<\/strong> <i class=\"fas fa-angle-down ml-4\" style=\"transition: all 0.3s ease-in-out;\" data-accordion-header=\"1\"><\/i><\/button> <\/p>\n<div data-accordion-body=\"1\" class=\"accordion-body\"> A Biomedicina atua na coleta e realiza\u00e7\u00e3o de exames laboratoriais. Na Policl\u00ednica IESEP o servi\u00e7o \u00e9 oferecido para todas as faixas et\u00e1rias envolvendo an\u00e1lises hormonais, sorol\u00f3gicas, de rotina, microbiol\u00f3gicas, entre outros. <\/p>\n<p> <strong>Servi\u00e7os<\/strong> <\/p>\n<ul>\n<li>Coleta de exames<\/li>\n<li>An\u00e1lises cl\u00ednicas<\/li>\n<\/ul><\/div>\n<\/div>\n<div class=\"accordion-item\"> <button data-accordion-header=\"2\" class=\"accordion-header\"> <strong data-accordion-header=\"2\">Educa\u00e7\u00e3o F\u00edsica<\/strong> <i class=\"fas fa-angle-down ml-4\" style=\"transition: all 0.3s ease-in-out;\" data-accordion-header=\"2\"><\/i> <\/button> <\/p>\n<div data-accordion-body=\"2\" class=\"accordion-body\"> A Educa\u00e7\u00e3o F\u00edsica realiza atividades em conjunto com a equipe multiprofissional da Policl\u00ednica IESEP. Os atendimentos envolvem treinamento funcional e muscula\u00e7\u00e3o, com foco no acompanhamento de pessoas com sobrepeso\/obesidade, crian\u00e7as, hipertensos, diab\u00e9ticos e p\u00fablico em geral. <\/p>\n<p> <strong>Servi\u00e7os<\/strong> <\/p>\n<ul>\n<li>Muscula\u00e7\u00e3o<\/li>\n<li>Treinamento funcional<\/li>\n<li>Treinamento infantil &#8211; 6 a 12 anos<\/li>\n<li>Treinamento para pessoa com hipertens\u00e3o e\/ou diab\u00e9tico<\/li>\n<li>Treinamento para pessoa com sobrepeso ou obesidade<\/li>\n<\/ul><\/div>\n<\/div>\n<div class=\"accordion-item\"> <button data-accordion-header=\"3\" class=\"accordion-header\"> <strong data-accordion-header=\"3\">Est\u00e9tica e Cosm\u00e9tica<\/strong> <i class=\"fas fa-angle-down ml-4\" style=\"transition: all 0.3s ease-in-out;\" data-accordion-header=\"3\"><\/i> <\/button> <\/p>\n<div data-accordion-body=\"3\" class=\"accordion-body\"> O servi\u00e7o de Est\u00e9tica e Cosm\u00e9tica \u00e9 realizado por meio da aplica\u00e7\u00e3o de ferramentas de avalia\u00e7\u00e3o e protocolos de tratamentos est\u00e9ticos, com a finalidade em promover o bem-estar e a melhora na qualidade de vida da pessoa. <\/p>\n<p> <strong>Servi\u00e7os<\/strong> <\/p>\n<ul>\n<li>Acupuntura auricular<\/li>\n<li>Drenagem linf\u00e1tica<\/li>\n<li>Limpeza de pele<\/li>\n<li>Massagem relaxante<\/li>\n<li>Massagem modeladora<\/li>\n<li>Peeling facial (diamante)<\/li>\n<li>Peeling facial (qu\u00edmico)<\/li>\n<li>Tratamento para celulite<\/li>\n<li>Tratamento para flacidez<\/li>\n<li>Tratamento para gordura localizada<\/li>\n<li>Tratamento para rejuvenescimento<\/li>\n<\/ul><\/div>\n<\/div>\n<div class=\"accordion-item\"> <button data-accordion-header=\"4\" class=\"accordion-header\"><strong data-accordion-header=\"4\">Enfermagem<\/strong> <i class=\"fas fa-angle-down ml-4\" style=\"transition: all 0.3s ease-in-out;\" data-accordion-header=\"4\"><\/i><\/button> <\/p>\n<div data-accordion-body=\"4\" class=\"accordion-body\"> A Enfermagem atua na prote\u00e7\u00e3o, promo\u00e7\u00e3o e reabilita\u00e7\u00e3o em sa\u00fade nas diferentes fases da vida. Al\u00e9m disso, em conjunto com a equipe multiprofissional participa e contribui no regime terap\u00eautico do paciente dentro da Policl\u00ednica IESEP. <\/p>\n<p> <strong>Servi\u00e7os<\/strong> <\/p>\n<ul>\n<li>Administra\u00e7\u00e3o de medicamento por via intramuscular e subcut\u00e2nea<\/li>\n<li>Cateterismo vesical<\/li>\n<li>Consulta de enfermagem<\/li>\n<li>Eletrocardiograma com ou sem laudo m\u00e9dico<\/li>\n<li>Exame citopatol\u00f3gico (Papanicolau)<\/li>\n<li>Glicemia capilar<\/li>\n<li>Retirada de pontos<\/li>\n<li>Troca de curativo<\/li>\n<\/ul>\n<p> Observa\u00e7\u00e3o: O eletrocardiograma com laudo m\u00e9dico \u00e9 emitido em at\u00e9 60 minutos. <\/p><\/div>\n<\/div>\n<div class=\"accordion-item\"> <button data-accordion-header=\"5\" class=\"accordion-header\"><strong data-accordion-header=\"5\">Fisioterapia<\/strong> <i class=\"fas fa-angle-down ml-4\" style=\"transition: all 0.3s ease-in-out;\" data-accordion-header=\"5\"><\/i><\/button> <\/p>\n<div data-accordion-body=\"5\" class=\"accordion-body\"> A Fisioterapia atua na reabilita\u00e7\u00e3o f\u00edsica e no desenvolvimento cognitivo e motor. Assim como, na preven\u00e7\u00e3o de agravos decorrentes de doen\u00e7as e do processo de envelhecimento. Na Policl\u00ednica IESEP o servi\u00e7o \u00e9 oferecido para todas as faixas et\u00e1rias. <\/p>\n<p> <strong>Servi\u00e7os<\/strong> <\/p>\n<ul>\n<li>Fisioterapia cardiopulmonar<\/li>\n<li>Fisioterapia em grupo<\/li>\n<li>Fisioterapia neurol\u00f3gica<\/li>\n<li>Fisioterapia ortop\u00e9dica<\/li>\n<li>Pilates solo<\/li>\n<\/ul><\/div>\n<\/div>\n<div class=\"accordion-item\"> <button data-accordion-header=\"6\" class=\"accordion-header\"><strong data-accordion-header=\"6\">Fonoaudiologia<\/strong> <i class=\"fas fa-angle-down ml-4\" style=\"transition: all 0.3s ease-in-out;\" data-accordion-header=\"6\"><\/i><\/button> <\/p>\n<div data-accordion-body=\"6\" class=\"accordion-body\"> A Fonoaudiologia atua na Policl\u00ednica IESEP por meio da promo\u00e7\u00e3o, preven\u00e7\u00e3o, avalia\u00e7\u00e3o\/diagn\u00f3stico e reabilita\u00e7\u00e3o da audi\u00e7\u00e3o perif\u00e9rica e central, da linguagem oral e escrita, da voz, da articula\u00e7\u00e3o da fala, da degluti\u00e7\u00e3o e de outros sistemas, em todas as fases da vida. <\/p>\n<p> <strong>Servi\u00e7os<\/strong> <\/p>\n<ul>\n<li>Audiometria adulto<\/li>\n<li>Audiometria infantil<\/li>\n<li>Audiometria ocupacional<\/li>\n<li>Imitanciometria<\/li>\n<li>Avalia\u00e7\u00e3o fonoaudiol\u00f3gica<\/li>\n<li>Terapia fonoaudiol\u00f3gica<\/li>\n<li>Avalia\u00e7\u00e3o do Processamento auditivo central<\/li>\n<\/ul><\/div>\n<\/div>\n<div class=\"accordion-item\"> <button data-accordion-header=\"7\" class=\"accordion-header\"><strong data-accordion-header=\"7\">Medicina<\/strong> <i class=\"fas fa-angle-down ml-4\" style=\"transition: all 0.3s ease-in-out;\" data-accordion-header=\"7\"><\/i><\/button> <\/p>\n<div data-accordion-body=\"7\" class=\"accordion-body\"> O ambulat\u00f3rio m\u00e9dico \u00e9 respons\u00e1vel pelo diagn\u00f3stico, tratamento e reabilita\u00e7\u00e3o. Os atendimentos s\u00e3o oferecidos de forma humanizada nas mais diversas \u00e1reas da medicina. <\/p>\n<p> <strong>Servi\u00e7os<\/strong> <\/p>\n<ul>\n<li>Consulta m\u00e9dica <\/li>\n<\/ul><\/div>\n<\/div>\n<div class=\"accordion-item\"> <button data-accordion-header=\"8\" class=\"accordion-header\"><strong data-accordion-header=\"8\">Nutri\u00e7\u00e3o<\/strong> <i class=\"fas fa-angle-down ml-4\" style=\"transition: all 0.3s ease-in-out;\" data-accordion-header=\"8\"><\/i><\/button> <\/p>\n<div data-accordion-body=\"8\" class=\"accordion-body\"> O setor de Nutri\u00e7\u00e3o \u00e9 respons\u00e1vel por estabelecer o diagn\u00f3stico nutricional dos pacientes, por meio da aplica\u00e7\u00e3o das ferramentas de avalia\u00e7\u00e3o nutricional e elaborar condutas e atividades que promovam ou recuperem \u00e0 sa\u00fade. <\/p>\n<p> <strong>Servi\u00e7os<\/strong> <\/p>\n<ul>\n<li>Acompanhamento nutricional<\/li>\n<li>Avalia\u00e7\u00e3o antropom\u00e9trica e da composi\u00e7\u00e3o corporal<\/li>\n<li>Consulta e avalia\u00e7\u00e3o nutricional<\/li>\n<li>Grupo de emagrecimento<\/li>\n<\/ul><\/div>\n<\/div>\n<div class=\"accordion-item\"> <button data-accordion-header=\"9\" class=\"accordion-header\"><strong data-accordion-header=\"9\">Psicologia<\/strong> <i class=\"fas fa-angle-down ml-4\" style=\"transition: all 0.3s ease-in-out;\" data-accordion-header=\"9\"><\/i><\/button> <\/p>\n<div data-accordion-body=\"9\" class=\"accordion-body\"> O servi\u00e7o de Psicologia realiza atendimentos psicol\u00f3gicos nas modalidades de: triagem, psicodiagn\u00f3stico e acompanhamento psicol\u00f3gico em todas as faixas et\u00e1rias. <\/p>\n<p> <strong>Servi\u00e7os<\/strong> <\/p>\n<ul>\n<li>Terapia em grupo<\/li>\n<li>Terapia individual<\/li>\n<li>Triagem e psicodiagn\u00f3stico<\/li>\n<\/ul><\/div>\n<\/div>\n<\/div>\n","protected":false},"excerpt":{"rendered":"<p>Biomedicina A Biomedicina atua na coleta e realiza\u00e7\u00e3o de exames laboratoriais. Na Policl\u00ednica IESEP o servi\u00e7o \u00e9 oferecido para todas as faixas et\u00e1rias envolvendo an\u00e1lises hormonais, sorol\u00f3gicas, de rotina, microbiol\u00f3gicas, entre outros. Servi\u00e7os Coleta de exames An\u00e1lises cl\u00ednicas Educa\u00e7\u00e3o F\u00edsica A Educa\u00e7\u00e3o F\u00edsica realiza atividades em conjunto com a equipe multiprofissional da Policl\u00ednica IESEP. Os [&hellip;]<\/p>\n","protected":false},"author":1,"featured_media":0,"parent":0,"menu_order":0,"comment_status":"closed","ping_status":"closed","template":"templates\/template-fullwidth.php","meta":[],"categories":[],"tags":[],"_links":{"self":[{"href":"https:\/\/iesep.com.br\/policlinica\/registro\/wp-json\/wp\/v2\/pages\/103"}],"collection":[{"href":"https:\/\/iesep.com.br\/policlinica\/registro\/wp-json\/wp\/v2\/pages"}],"about":[{"href":"https:\/\/iesep.com.br\/policlinica\/registro\/wp-json\/wp\/v2\/types\/page"}],"author":[{"embeddable":true,"href":"https:\/\/iesep.com.br\/policlinica\/registro\/wp-json\/wp\/v2\/users\/1"}],"replies":[{"embeddable":true,"href":"https:\/\/iesep.com.br\/policlinica\/registro\/wp-json\/wp\/v2\/comments?post=103"}],"version-history":[{"count":1,"href":"https:\/\/iesep.com.br\/policlinica\/registro\/wp-json\/wp\/v2\/pages\/103\/revisions"}],"predecessor-version":[{"id":104,"href":"https:\/\/iesep.com.br\/policlinica\/registro\/wp-json\/wp\/v2\/pages\/103\/revisions\/104"}],"wp:attachment":[{"href":"https:\/\/iesep.com.br\/policlinica\/registro\/wp-json\/wp\/v2\/media?parent=103"}],"wp:term":[{"taxonomy":"category","embeddable":true,"href":"https:\/\/iesep.com.br\/policlinica\/registro\/wp-json\/wp\/v2\/categories?post=103"},{"taxonomy":"post_tag","embeddable":true,"href":"https:\/\/iesep.com.br\/policlinica\/registro\/wp-json\/wp\/v2\/tags?post=103"}],"curies":[{"name":"wp","href":"https:\/\/api.w.org\/{rel}","templated":true}]}}