{"id":175,"date":"2023-04-26T17:42:05","date_gmt":"2023-04-26T20:42:05","guid":{"rendered":"https:\/\/iesep.com.br\/policlinica\/registro\/?page_id=175"},"modified":"2023-08-04T09:51:37","modified_gmt":"2023-08-04T12:51:37","slug":"exames","status":"publish","type":"page","link":"https:\/\/iesep.com.br\/policlinica\/registro\/exames\/","title":{"rendered":"Exames"},"content":{"rendered":"<p><strong>Resultados de exames<\/strong><\/p>\n<p>Para acessar os resultados de exames laboratoriais realizados na Policl\u00ednica IESEP clique em uma das op\u00e7\u00f5es abaixo.\n<\/p>\n<div class=\"row-iesep\">\n<div class=\"col-iesep\"><a href=\"https:\/\/lablaudo.com.br\/acesso_paciente\" target=\"_blank\" rel=\"noopener\"><i class=\"fa-solid fa-user\"><\/i> PACIENTE<\/a><\/div>\n<div class=\"col-iesep\"><a href=\"https:\/\/lablaudo.com.br\/acesso_chave\" target=\"_blank\" rel=\"noopener\"><i class=\"fas fa-clinic-medical\"><\/i> MARATAYAMA<\/a><\/div>\n<div class=\"col-iesep\"><a href=\"https:\/\/lablaudo.com.br\/acesso_chave\/?serie=4498\" target=\"_blank\" rel=\"noopener\"><i class=\"fa-solid fa-user-nurse\"><\/i> PROFISSIONAL DA SA\u00daDE<\/a><\/div>\n<\/div>\n","protected":false},"excerpt":{"rendered":"<p>Resultados de exames Para acessar os resultados de exames laboratoriais realizados na Policl\u00ednica IESEP clique em uma das op\u00e7\u00f5es abaixo. PACIENTE MARATAYAMA PROFISSIONAL DA SA\u00daDE<\/p>\n","protected":false},"author":1,"featured_media":0,"parent":0,"menu_order":0,"comment_status":"closed","ping_status":"closed","template":"templates\/template-fullwidth.php","meta":[],"categories":[],"tags":[],"_links":{"self":[{"href":"https:\/\/iesep.com.br\/policlinica\/registro\/wp-json\/wp\/v2\/pages\/175"}],"collection":[{"href":"https:\/\/iesep.com.br\/policlinica\/registro\/wp-json\/wp\/v2\/pages"}],"about":[{"href":"https:\/\/iesep.com.br\/policlinica\/registro\/wp-json\/wp\/v2\/types\/page"}],"author":[{"embeddable":true,"href":"https:\/\/iesep.com.br\/policlinica\/registro\/wp-json\/wp\/v2\/users\/1"}],"replies":[{"embeddable":true,"href":"https:\/\/iesep.com.br\/policlinica\/registro\/wp-json\/wp\/v2\/comments?post=175"}],"version-history":[{"count":20,"href":"https:\/\/iesep.com.br\/policlinica\/registro\/wp-json\/wp\/v2\/pages\/175\/revisions"}],"predecessor-version":[{"id":219,"href":"https:\/\/iesep.com.br\/policlinica\/registro\/wp-json\/wp\/v2\/pages\/175\/revisions\/219"}],"wp:attachment":[{"href":"https:\/\/iesep.com.br\/policlinica\/registro\/wp-json\/wp\/v2\/media?parent=175"}],"wp:term":[{"taxonomy":"category","embeddable":true,"href":"https:\/\/iesep.com.br\/policlinica\/registro\/wp-json\/wp\/v2\/categories?post=175"},{"taxonomy":"post_tag","embeddable":true,"href":"https:\/\/iesep.com.br\/policlinica\/registro\/wp-json\/wp\/v2\/tags?post=175"}],"curies":[{"name":"wp","href":"https:\/\/api.w.org\/{rel}","templated":true}]}}