{"id":179,"date":"2023-04-26T17:46:38","date_gmt":"2023-04-26T20:46:38","guid":{"rendered":"https:\/\/iesep.com.br\/policlinica\/registro\/?page_id=179"},"modified":"2026-03-16T11:51:15","modified_gmt":"2026-03-16T14:51:15","slug":"ouvidoria","status":"publish","type":"page","link":"https:\/\/iesep.com.br\/policlinica\/registro\/ouvidoria\/","title":{"rendered":"Ouvidoria"},"content":{"rendered":"<p>&nbsp;<\/p>\n<p><strong>A Policl\u00ednica Iesep quer ouvir voc\u00ea!<\/strong><\/p>\n<p style=\"line-height: 150%;\"><b><br \/>\nO que \u00e9 ouvidoria?<br \/>\n<\/b>\u00c9 um canal de comunica\u00e7\u00e3o entre os pacientes e a Policl\u00ednica. \u00c9 por meio da ouvidoria que o paciente pode tirar suas d\u00favidas, dar sugest\u00f5es, fazer elogios ou reclama\u00e7\u00f5es sobre os servi\u00e7os prestados, contribuindo para a melhoria continua dos atendimentos.<\/p>\n<p style=\"line-height: 150%;\"><b>Como participar?<br \/>\n<\/b>Para fazer sua sugest\u00e3o, coment\u00e1rio ou reclama\u00e7\u00e3o, preencha o formul\u00e1rio abaixo:<\/p>\n<p>&nbsp;<br \/>\n<script type=\"text\/javascript\" src=\"\/\/mautic.unisepe.com.br\/form\/generate.js?id=38\"><\/script><\/p>\n","protected":false},"excerpt":{"rendered":"<p>&nbsp; A Policl\u00ednica Iesep quer ouvir voc\u00ea! O que \u00e9 ouvidoria? \u00c9 um canal de comunica\u00e7\u00e3o entre os pacientes e a Policl\u00ednica. \u00c9 por meio da ouvidoria que o paciente pode tirar suas d\u00favidas, dar sugest\u00f5es, fazer elogios ou reclama\u00e7\u00f5es sobre os servi\u00e7os prestados, contribuindo para a melhoria continua dos atendimentos. Como participar? Para fazer [&hellip;]<\/p>\n","protected":false},"author":1,"featured_media":0,"parent":0,"menu_order":0,"comment_status":"closed","ping_status":"closed","template":"templates\/template-fullwidth.php","meta":[],"categories":[],"tags":[],"_links":{"self":[{"href":"https:\/\/iesep.com.br\/policlinica\/registro\/wp-json\/wp\/v2\/pages\/179"}],"collection":[{"href":"https:\/\/iesep.com.br\/policlinica\/registro\/wp-json\/wp\/v2\/pages"}],"about":[{"href":"https:\/\/iesep.com.br\/policlinica\/registro\/wp-json\/wp\/v2\/types\/page"}],"author":[{"embeddable":true,"href":"https:\/\/iesep.com.br\/policlinica\/registro\/wp-json\/wp\/v2\/users\/1"}],"replies":[{"embeddable":true,"href":"https:\/\/iesep.com.br\/policlinica\/registro\/wp-json\/wp\/v2\/comments?post=179"}],"version-history":[{"count":4,"href":"https:\/\/iesep.com.br\/policlinica\/registro\/wp-json\/wp\/v2\/pages\/179\/revisions"}],"predecessor-version":[{"id":245,"href":"https:\/\/iesep.com.br\/policlinica\/registro\/wp-json\/wp\/v2\/pages\/179\/revisions\/245"}],"wp:attachment":[{"href":"https:\/\/iesep.com.br\/policlinica\/registro\/wp-json\/wp\/v2\/media?parent=179"}],"wp:term":[{"taxonomy":"category","embeddable":true,"href":"https:\/\/iesep.com.br\/policlinica\/registro\/wp-json\/wp\/v2\/categories?post=179"},{"taxonomy":"post_tag","embeddable":true,"href":"https:\/\/iesep.com.br\/policlinica\/registro\/wp-json\/wp\/v2\/tags?post=179"}],"curies":[{"name":"wp","href":"https:\/\/api.w.org\/{rel}","templated":true}]}}