{"id":188,"date":"2023-05-04T08:57:20","date_gmt":"2023-05-04T11:57:20","guid":{"rendered":"https:\/\/iesep.com.br\/policlinica\/registro\/?page_id=188"},"modified":"2023-05-04T09:09:51","modified_gmt":"2023-05-04T12:09:51","slug":"sobre-a-policlinica-iesep","status":"publish","type":"page","link":"https:\/\/iesep.com.br\/policlinica\/registro\/sobre-a-policlinica-iesep\/","title":{"rendered":"Policl\u00ednica IESEP"},"content":{"rendered":"<p>&nbsp;<\/p>\n<p style=\"text-align: justify;\">A Policl\u00ednica IESEP \u00e9 uma institui\u00e7\u00e3o sem fins lucrativos localizada no munic\u00edpio de Registro-SP, mantida pelo Instituto Educacional de Servi\u00e7o, Ensino e Pesquisa (IESEP). Sua rotina de atividades envolve atendimento gratuito pelo Sistema \u00danico de Sa\u00fade (SUS) e por meio de Atendimento Social, com pagamento para custeio do servi\u00e7o e manuten\u00e7\u00e3o local.<\/p>\n<p style=\"text-align: justify;\">Concebida em 2016, a Policl\u00ednica IESEP contempla os servi\u00e7os de enfermagem, educa\u00e7\u00e3o f\u00edsica, est\u00e9tica e cosm\u00e9tica, fisioterapia, fonoaudiologia, medicina, nutri\u00e7\u00e3o e psicologia. Os servi\u00e7os s\u00e3o realizados por acad\u00eamicos durante as pr\u00e1ticas de est\u00e1gio curricular, sendo todas as atividades supervisionadas por um profissional qualificado na \u00e1rea. Al\u00e9m dos atendimentos realizados pelos acad\u00eamicos, a Policl\u00ednica IESEP oferece atendimentos por profissionais especializados em diferentes \u00e1reas.<\/p>\n<p style=\"text-align: justify;\">Pautada nos princ\u00edpios e diretrizes do SUS, todos os atendimentos da Policl\u00ednica IESEP, s\u00e3o oferecidos de forma interdisciplinar e com foco na abordagem humanizada. Al\u00e9m do servi\u00e7o assistencial, tamb\u00e9m s\u00e3o desenvolvidas atividades de educa\u00e7\u00e3o continuada e pesquisa cient\u00edfica, com objetivo em promover o desenvolvimento profissional e a qualidade na assist\u00eancia oferecida.<\/p>\n<p style=\"text-align: justify;\">Ressalta-se, que no planejamento das a\u00e7\u00f5es realizadas pela Policl\u00ednica IESEP s\u00e3o levados em considera\u00e7\u00e3o o atendimento das demandas de sa\u00fade local, assim como, a implementa\u00e7\u00e3o de a\u00e7\u00f5es para reabilita\u00e7\u00e3o, prote\u00e7\u00e3o, preven\u00e7\u00e3o, promo\u00e7\u00e3o, manuten\u00e7\u00e3o da sa\u00fade, cuja meta \u00e9 a forma\u00e7\u00e3o de profissionais comprometidos com melhora dos indicadores de sa\u00fade de Registro-SP e regi\u00e3o.<\/p>\n<hr \/>\n<ul>\n<li><strong><a href=\"https:\/\/iesep.com.br\/policlinica\/registro\/sobre-a-policlinica-iesep\/publicacoes\/\" rel=\"noopener\">Publica\u00e7\u00f5es<\/a><\/strong><\/li>\n<\/ul>\n","protected":false},"excerpt":{"rendered":"<p>&nbsp; A Policl\u00ednica IESEP \u00e9 uma institui\u00e7\u00e3o sem fins lucrativos localizada no munic\u00edpio de Registro-SP, mantida pelo Instituto Educacional de Servi\u00e7o, Ensino e Pesquisa (IESEP). Sua rotina de atividades envolve atendimento gratuito pelo Sistema \u00danico de Sa\u00fade (SUS) e por meio de Atendimento Social, com pagamento para custeio do servi\u00e7o e manuten\u00e7\u00e3o local. Concebida em [&hellip;]<\/p>\n","protected":false},"author":1,"featured_media":0,"parent":0,"menu_order":0,"comment_status":"closed","ping_status":"closed","template":"templates\/template-fullwidth.php","meta":[],"categories":[],"tags":[],"_links":{"self":[{"href":"https:\/\/iesep.com.br\/policlinica\/registro\/wp-json\/wp\/v2\/pages\/188"}],"collection":[{"href":"https:\/\/iesep.com.br\/policlinica\/registro\/wp-json\/wp\/v2\/pages"}],"about":[{"href":"https:\/\/iesep.com.br\/policlinica\/registro\/wp-json\/wp\/v2\/types\/page"}],"author":[{"embeddable":true,"href":"https:\/\/iesep.com.br\/policlinica\/registro\/wp-json\/wp\/v2\/users\/1"}],"replies":[{"embeddable":true,"href":"https:\/\/iesep.com.br\/policlinica\/registro\/wp-json\/wp\/v2\/comments?post=188"}],"version-history":[{"count":3,"href":"https:\/\/iesep.com.br\/policlinica\/registro\/wp-json\/wp\/v2\/pages\/188\/revisions"}],"predecessor-version":[{"id":199,"href":"https:\/\/iesep.com.br\/policlinica\/registro\/wp-json\/wp\/v2\/pages\/188\/revisions\/199"}],"wp:attachment":[{"href":"https:\/\/iesep.com.br\/policlinica\/registro\/wp-json\/wp\/v2\/media?parent=188"}],"wp:term":[{"taxonomy":"category","embeddable":true,"href":"https:\/\/iesep.com.br\/policlinica\/registro\/wp-json\/wp\/v2\/categories?post=188"},{"taxonomy":"post_tag","embeddable":true,"href":"https:\/\/iesep.com.br\/policlinica\/registro\/wp-json\/wp\/v2\/tags?post=188"}],"curies":[{"name":"wp","href":"https:\/\/api.w.org\/{rel}","templated":true}]}}