{"id":192,"date":"2023-05-04T08:59:58","date_gmt":"2023-05-04T11:59:58","guid":{"rendered":"https:\/\/iesep.com.br\/policlinica\/registro\/?page_id=192"},"modified":"2023-05-04T09:01:16","modified_gmt":"2023-05-04T12:01:16","slug":"demonstracoes-2022-iesep","status":"publish","type":"page","link":"https:\/\/iesep.com.br\/policlinica\/registro\/sobre-a-policlinica-iesep\/publicacoes\/demonstracoes-2022-iesep\/","title":{"rendered":"Demonstra\u00e7\u00f5es 2022 IESEP"},"content":{"rendered":"<p>\n<strong>IESEP &#8211; INSTITUTO EDUCACIONAL DE SERVICO, ENSINO E PESQUISA<\/strong><br \/>\n<strong>Dados Econ\u00f4mico &#8211; Financeiros  Demonstra\u00e7\u00f5es Financeiras Anuais Completas<\/strong>\n<\/p>\n<p><iframe style=\"height: 100vh; width: 100vw;\" src=\"https:\/\/iesep.com.br\/policlinica\/registro\/wp-content\/uploads\/sites\/2\/2023\/05\/DEMONSTRACOES-2022-IESEP.pdf\" title=\"Demonstra\u00e7\u00f5es 2022 IESEP\"><span data-mce-type=\"bookmark\" style=\"display: inline-block; width: 0px; overflow: hidden; line-height: 0;\" class=\"mce_SELRES_start\">\ufeff<\/span><\/iframe><\/p>\n","protected":false},"excerpt":{"rendered":"<p>IESEP &#8211; INSTITUTO EDUCACIONAL DE SERVICO, ENSINO E PESQUISA Dados Econ\u00f4mico &#8211; Financeiros Demonstra\u00e7\u00f5es Financeiras Anuais Completas \ufeff<\/p>\n","protected":false},"author":1,"featured_media":0,"parent":190,"menu_order":0,"comment_status":"closed","ping_status":"closed","template":"templates\/template-fullwidth.php","meta":[],"categories":[],"tags":[],"_links":{"self":[{"href":"https:\/\/iesep.com.br\/policlinica\/registro\/wp-json\/wp\/v2\/pages\/192"}],"collection":[{"href":"https:\/\/iesep.com.br\/policlinica\/registro\/wp-json\/wp\/v2\/pages"}],"about":[{"href":"https:\/\/iesep.com.br\/policlinica\/registro\/wp-json\/wp\/v2\/types\/page"}],"author":[{"embeddable":true,"href":"https:\/\/iesep.com.br\/policlinica\/registro\/wp-json\/wp\/v2\/users\/1"}],"replies":[{"embeddable":true,"href":"https:\/\/iesep.com.br\/policlinica\/registro\/wp-json\/wp\/v2\/comments?post=192"}],"version-history":[{"count":2,"href":"https:\/\/iesep.com.br\/policlinica\/registro\/wp-json\/wp\/v2\/pages\/192\/revisions"}],"predecessor-version":[{"id":195,"href":"https:\/\/iesep.com.br\/policlinica\/registro\/wp-json\/wp\/v2\/pages\/192\/revisions\/195"}],"up":[{"embeddable":true,"href":"https:\/\/iesep.com.br\/policlinica\/registro\/wp-json\/wp\/v2\/pages\/190"}],"wp:attachment":[{"href":"https:\/\/iesep.com.br\/policlinica\/registro\/wp-json\/wp\/v2\/media?parent=192"}],"wp:term":[{"taxonomy":"category","embeddable":true,"href":"https:\/\/iesep.com.br\/policlinica\/registro\/wp-json\/wp\/v2\/categories?post=192"},{"taxonomy":"post_tag","embeddable":true,"href":"https:\/\/iesep.com.br\/policlinica\/registro\/wp-json\/wp\/v2\/tags?post=192"}],"curies":[{"name":"wp","href":"https:\/\/api.w.org\/{rel}","templated":true}]}}